{"id":167,"date":"2017-10-17T20:05:22","date_gmt":"2017-10-17T18:05:22","guid":{"rendered":"http:\/\/slawomirduda.pl\/?page_id=167"},"modified":"2022-01-04T11:04:30","modified_gmt":"2022-01-04T10:04:30","slug":"instruktorzy","status":"publish","type":"page","link":"http:\/\/slawomirduda.pl\/index.php\/instruktorzy\/","title":{"rendered":"Instruktorzy"},"content":{"rendered":"<p><img loading=\"lazy\" decoding=\"async\" class=\"alignleft size-medium wp-image-358\" src=\"http:\/\/slawomirduda.pl\/wp-content\/uploads\/2017\/10\/INSTRUKTOR-187x300.jpg\" alt=\"\" width=\"187\" height=\"300\" srcset=\"http:\/\/slawomirduda.pl\/wp-content\/uploads\/2017\/10\/INSTRUKTOR-187x300.jpg 187w, http:\/\/slawomirduda.pl\/wp-content\/uploads\/2017\/10\/INSTRUKTOR-768x1234.jpg 768w, http:\/\/slawomirduda.pl\/wp-content\/uploads\/2017\/10\/INSTRUKTOR-637x1024.jpg 637w, http:\/\/slawomirduda.pl\/wp-content\/uploads\/2017\/10\/INSTRUKTOR.jpg 931w\" sizes=\"auto, (max-width: 187px) 100vw, 187px\" \/>Jestem instruktorem z wyboru nie z przymusu. Sukces mojego kursanta jest moim sukcesem. Jestem w\u0142a\u015bcicielem o\u015brodka od 11 lat i uwielbiam robi\u0107 to co robi\u0119. Przekazywanie wiedzy m\u0142odszym kole\u017cankom i kolegom to moja pasja dzi\u0119ki, kt\u00f3rej d\u0105\u017cymy do najlepszego efektu ko\u0144cowego.<\/p>\n<p>Do zobaczenia na wyk\u0142adach!<\/p>\n<p>S\u0142awomir Duda.<\/p>\n","protected":false},"excerpt":{"rendered":"<p>Jestem instruktorem z wyboru nie z przymusu. Sukces mojego kursanta jest moim sukcesem. Jestem w\u0142a\u015bcicielem o\u015brodka od 11 lat i uwielbiam robi\u0107 to co robi\u0119. Przekazywanie wiedzy m\u0142odszym kole\u017cankom i kolegom to moja pasja dzi\u0119ki, kt\u00f3rej d\u0105\u017cymy do najlepszego efektu ko\u0144cowego. Do zobaczenia na wyk\u0142adach! S\u0142awomir Duda.<\/p>\n","protected":false},"author":1,"featured_media":363,"parent":0,"menu_order":0,"comment_status":"closed","ping_status":"closed","template":"","meta":{"footnotes":""},"class_list":["post-167","page","type-page","status-publish","has-post-thumbnail","czr-hentry"],"_links":{"self":[{"href":"http:\/\/slawomirduda.pl\/index.php\/wp-json\/wp\/v2\/pages\/167","targetHints":{"allow":["GET"]}}],"collection":[{"href":"http:\/\/slawomirduda.pl\/index.php\/wp-json\/wp\/v2\/pages"}],"about":[{"href":"http:\/\/slawomirduda.pl\/index.php\/wp-json\/wp\/v2\/types\/page"}],"author":[{"embeddable":true,"href":"http:\/\/slawomirduda.pl\/index.php\/wp-json\/wp\/v2\/users\/1"}],"replies":[{"embeddable":true,"href":"http:\/\/slawomirduda.pl\/index.php\/wp-json\/wp\/v2\/comments?post=167"}],"version-history":[{"count":8,"href":"http:\/\/slawomirduda.pl\/index.php\/wp-json\/wp\/v2\/pages\/167\/revisions"}],"predecessor-version":[{"id":472,"href":"http:\/\/slawomirduda.pl\/index.php\/wp-json\/wp\/v2\/pages\/167\/revisions\/472"}],"wp:featuredmedia":[{"embeddable":true,"href":"http:\/\/slawomirduda.pl\/index.php\/wp-json\/wp\/v2\/media\/363"}],"wp:attachment":[{"href":"http:\/\/slawomirduda.pl\/index.php\/wp-json\/wp\/v2\/media?parent=167"}],"curies":[{"name":"wp","href":"https:\/\/api.w.org\/{rel}","templated":true}]}}